{"id":8061,"date":"2025-11-15T00:35:34","date_gmt":"2025-11-15T00:35:34","guid":{"rendered":"https:\/\/crazy4jerseys.com.mx\/?post_type=product&#038;p=8061"},"modified":"2025-11-17T00:36:54","modified_gmt":"2025-11-17T00:36:54","slug":"mexico-2026-world-cup-away-jersey","status":"publish","type":"product","link":"https:\/\/crazy4jerseys.com.mx\/en\/product\/mexico-2026-world-cup-away-jersey\/","title":{"rendered":"Mexico 2026 World Cup Away Jersey"},"content":{"rendered":"","protected":false},"excerpt":{"rendered":"<p>El Jersey Mexico Black 25\/26 es la elecci\u00f3n ideal para los verdaderos aficionados al f\u00fatbol. Con un dise\u00f1o moderno y elegante, este jersey captura la esencia del esp\u00edritu deportivo y la pasi\u00f3n por el f\u00fatbol mexicano. Su color negro cautivador lo convierte en una pieza vers\u00e1til que puedes usar en cualquier momento, ya sea en el campo, en casa o con amigos.<\/p>","protected":false},"featured_media":8069,"comment_status":"closed","ping_status":"closed","template":"","meta":{"_uag_custom_page_level_css":""},"product_brand":[],"product_cat":[107,230,109,49],"product_tag":[60,61,56],"class_list":{"0":"post-8061","1":"product","2":"type-product","3":"status-publish","4":"has-post-thumbnail","6":"product_cat-america-naciones","7":"product_cat-fifa-world-cup-2026","8":"product_cat-mexico","9":"product_cat-naciones","10":"product_tag-oferta","11":"product_tag-temporada-25-26","12":"product_tag-jersey-fan","13":"wcpa_has_options","15":"first","16":"instock","17":"sale","18":"featured","19":"shipping-taxable","20":"purchasable","21":"product-type-variable"},"uagb_featured_image_src":{"full":["https:\/\/crazy4jerseys.com.mx\/wp-content\/uploads\/2025\/11\/Mexico-2026-World-Cup-Away-Jersey.jpg",1000,1000,false],"thumbnail":["https:\/\/crazy4jerseys.com.mx\/wp-content\/uploads\/2025\/11\/Mexico-2026-World-Cup-Away-Jersey-150x150.jpg",150,150,true],"medium":["https:\/\/crazy4jerseys.com.mx\/wp-content\/uploads\/2025\/11\/Mexico-2026-World-Cup-Away-Jersey-300x300.jpg",300,300,true],"medium_large":["https:\/\/crazy4jerseys.com.mx\/wp-content\/uploads\/2025\/11\/Mexico-2026-World-Cup-Away-Jersey-768x768.jpg",768,768,true],"large":["https:\/\/crazy4jerseys.com.mx\/wp-content\/uploads\/2025\/11\/Mexico-2026-World-Cup-Away-Jersey.jpg",1000,1000,false],"gs-tiny":["https:\/\/crazy4jerseys.com.mx\/wp-content\/uploads\/2025\/11\/Mexico-2026-World-Cup-Away-Jersey-50x50.jpg",50,50,true],"xl":["https:\/\/crazy4jerseys.com.mx\/wp-content\/uploads\/2025\/11\/Mexico-2026-World-Cup-Away-Jersey.jpg",1000,1000,false],"xxl":["https:\/\/crazy4jerseys.com.mx\/wp-content\/uploads\/2025\/11\/Mexico-2026-World-Cup-Away-Jersey.jpg",1000,1000,false],"xxxl":["https:\/\/crazy4jerseys.com.mx\/wp-content\/uploads\/2025\/11\/Mexico-2026-World-Cup-Away-Jersey.jpg",1000,1000,false],"xxxxl":["https:\/\/crazy4jerseys.com.mx\/wp-content\/uploads\/2025\/11\/Mexico-2026-World-Cup-Away-Jersey.jpg",1000,1000,false],"xxxxxl":["https:\/\/crazy4jerseys.com.mx\/wp-content\/uploads\/2025\/11\/Mexico-2026-World-Cup-Away-Jersey.jpg",1000,1000,false],"1536x1536":["https:\/\/crazy4jerseys.com.mx\/wp-content\/uploads\/2025\/11\/Mexico-2026-World-Cup-Away-Jersey.jpg",1000,1000,false],"2048x2048":["https:\/\/crazy4jerseys.com.mx\/wp-content\/uploads\/2025\/11\/Mexico-2026-World-Cup-Away-Jersey.jpg",1000,1000,false],"trp-custom-language-flag":["https:\/\/crazy4jerseys.com.mx\/wp-content\/uploads\/2025\/11\/Mexico-2026-World-Cup-Away-Jersey-12x12.jpg",12,12,true],"woocommerce_archive_thumbnail":["https:\/\/crazy4jerseys.com.mx\/wp-content\/uploads\/2025\/11\/Mexico-2026-World-Cup-Away-Jersey-300x300.jpg",300,300,true],"woocommerce_thumbnail":["https:\/\/crazy4jerseys.com.mx\/wp-content\/uploads\/2025\/11\/Mexico-2026-World-Cup-Away-Jersey-300x300.jpg",300,300,true],"woocommerce_single":["https:\/\/crazy4jerseys.com.mx\/wp-content\/uploads\/2025\/11\/Mexico-2026-World-Cup-Away-Jersey-600x600.jpg",600,600,true],"woocommerce_gallery_thumbnail":["https:\/\/crazy4jerseys.com.mx\/wp-content\/uploads\/2025\/11\/Mexico-2026-World-Cup-Away-Jersey-100x100.jpg",100,100,true],"dgwt-wcas-product-suggestion":["https:\/\/crazy4jerseys.com.mx\/wp-content\/uploads\/2025\/11\/Mexico-2026-World-Cup-Away-Jersey-64x64.jpg",64,64,true]},"uagb_author_info":{"display_name":"Crazy4Jerseys","author_link":"https:\/\/crazy4jerseys.com.mx\/en\/author\/"},"uagb_comment_info":0,"uagb_excerpt":"El Jersey Mexico Black 25\/26 es la elecci\u00f3n ideal para los verdaderos aficionados al f\u00fatbol. Con un dise\u00f1o moderno y elegante, este jersey captura la esencia del esp\u00edritu deportivo y la pasi\u00f3n por el f\u00fatbol mexicano. Su color negro cautivador lo convierte en una pieza vers\u00e1til que puedes usar en cualquier momento, ya sea en&hellip;","jetpack_sharing_enabled":true,"_links":{"self":[{"href":"https:\/\/crazy4jerseys.com.mx\/en\/wp-json\/wp\/v2\/product\/8061","targetHints":{"allow":["GET"]}}],"collection":[{"href":"https:\/\/crazy4jerseys.com.mx\/en\/wp-json\/wp\/v2\/product"}],"about":[{"href":"https:\/\/crazy4jerseys.com.mx\/en\/wp-json\/wp\/v2\/types\/product"}],"replies":[{"embeddable":true,"href":"https:\/\/crazy4jerseys.com.mx\/en\/wp-json\/wp\/v2\/comments?post=8061"}],"wp:featuredmedia":[{"embeddable":true,"href":"https:\/\/crazy4jerseys.com.mx\/en\/wp-json\/wp\/v2\/media\/8069"}],"wp:attachment":[{"href":"https:\/\/crazy4jerseys.com.mx\/en\/wp-json\/wp\/v2\/media?parent=8061"}],"wp:term":[{"taxonomy":"product_brand","embeddable":true,"href":"https:\/\/crazy4jerseys.com.mx\/en\/wp-json\/wp\/v2\/product_brand?post=8061"},{"taxonomy":"product_cat","embeddable":true,"href":"https:\/\/crazy4jerseys.com.mx\/en\/wp-json\/wp\/v2\/product_cat?post=8061"},{"taxonomy":"product_tag","embeddable":true,"href":"https:\/\/crazy4jerseys.com.mx\/en\/wp-json\/wp\/v2\/product_tag?post=8061"}],"curies":[{"name":"wp","href":"https:\/\/api.w.org\/{rel}","templated":true}]}}