{"id":607,"date":"2025-06-26T00:56:12","date_gmt":"2025-06-26T00:56:12","guid":{"rendered":"https:\/\/crazy4jerseys.com.mx\/?post_type=product&#038;p=607"},"modified":"2025-11-16T20:47:31","modified_gmt":"2025-11-16T20:47:31","slug":"jersey-mexico-black-25-26-hombre","status":"publish","type":"product","link":"https:\/\/crazy4jerseys.com.mx\/en\/product\/jersey-mexico-black-25-26-hombre\/","title":{"rendered":"JERSEY MEXICO GOLD-BLACK 25\/26"},"content":{"rendered":"","protected":false},"excerpt":{"rendered":"<p>El Jersey Mexico Black 25\/26 es la elecci\u00f3n ideal para los verdaderos aficionados al f\u00fatbol. Con un dise\u00f1o moderno y elegante, este jersey captura la esencia del esp\u00edritu deportivo y la pasi\u00f3n por el f\u00fatbol mexicano. Su color negro cautivador lo convierte en una pieza vers\u00e1til que puedes usar en cualquier momento, ya sea en el campo, en casa o con amigos.<\/p>","protected":false},"featured_media":610,"comment_status":"closed","ping_status":"closed","template":"","meta":{"_uag_custom_page_level_css":""},"product_brand":[],"product_cat":[109,49],"product_tag":[61],"class_list":{"0":"post-607","1":"product","2":"type-product","3":"status-publish","4":"has-post-thumbnail","6":"product_cat-mexico","7":"product_cat-naciones","8":"product_tag-temporada-25-26","9":"wcpa_has_options","11":"first","12":"instock","13":"sale","14":"shipping-taxable","15":"purchasable","16":"product-type-variable"},"uagb_featured_image_src":{"full":["https:\/\/crazy4jerseys.com.mx\/wp-content\/uploads\/2025\/06\/Mexico-black-25_26-2.webp",823,823,false],"thumbnail":["https:\/\/crazy4jerseys.com.mx\/wp-content\/uploads\/2025\/06\/Mexico-black-25_26-2-150x150.webp",150,150,true],"medium":["https:\/\/crazy4jerseys.com.mx\/wp-content\/uploads\/2025\/06\/Mexico-black-25_26-2-300x300.webp",300,300,true],"medium_large":["https:\/\/crazy4jerseys.com.mx\/wp-content\/uploads\/2025\/06\/Mexico-black-25_26-2-768x768.webp",768,768,true],"large":["https:\/\/crazy4jerseys.com.mx\/wp-content\/uploads\/2025\/06\/Mexico-black-25_26-2.webp",823,823,false],"gs-tiny":["https:\/\/crazy4jerseys.com.mx\/wp-content\/uploads\/2025\/06\/Mexico-black-25_26-2.webp",50,50,false],"xl":["https:\/\/crazy4jerseys.com.mx\/wp-content\/uploads\/2025\/06\/Mexico-black-25_26-2.webp",823,823,false],"xxl":["https:\/\/crazy4jerseys.com.mx\/wp-content\/uploads\/2025\/06\/Mexico-black-25_26-2.webp",823,823,false],"xxxl":["https:\/\/crazy4jerseys.com.mx\/wp-content\/uploads\/2025\/06\/Mexico-black-25_26-2.webp",823,823,false],"xxxxl":["https:\/\/crazy4jerseys.com.mx\/wp-content\/uploads\/2025\/06\/Mexico-black-25_26-2.webp",823,823,false],"xxxxxl":["https:\/\/crazy4jerseys.com.mx\/wp-content\/uploads\/2025\/06\/Mexico-black-25_26-2.webp",823,823,false],"1536x1536":["https:\/\/crazy4jerseys.com.mx\/wp-content\/uploads\/2025\/06\/Mexico-black-25_26-2.webp",823,823,false],"2048x2048":["https:\/\/crazy4jerseys.com.mx\/wp-content\/uploads\/2025\/06\/Mexico-black-25_26-2.webp",823,823,false],"trp-custom-language-flag":["https:\/\/crazy4jerseys.com.mx\/wp-content\/uploads\/2025\/06\/Mexico-black-25_26-2.webp",12,12,false],"woocommerce_archive_thumbnail":["https:\/\/crazy4jerseys.com.mx\/wp-content\/uploads\/2025\/06\/Mexico-black-25_26-2-300x300.webp",300,300,true],"woocommerce_thumbnail":["https:\/\/crazy4jerseys.com.mx\/wp-content\/uploads\/2025\/06\/Mexico-black-25_26-2-300x300.webp",300,300,true],"woocommerce_single":["https:\/\/crazy4jerseys.com.mx\/wp-content\/uploads\/2025\/06\/Mexico-black-25_26-2-600x600.webp",600,600,true],"woocommerce_gallery_thumbnail":["https:\/\/crazy4jerseys.com.mx\/wp-content\/uploads\/2025\/06\/Mexico-black-25_26-2-100x100.webp",100,100,true],"dgwt-wcas-product-suggestion":["https:\/\/crazy4jerseys.com.mx\/wp-content\/uploads\/2025\/06\/Mexico-black-25_26-2.webp",64,64,false]},"uagb_author_info":{"display_name":"Crazy4Jerseys","author_link":"https:\/\/crazy4jerseys.com.mx\/en\/author\/"},"uagb_comment_info":0,"uagb_excerpt":"El Jersey Mexico Black 25\/26 es la elecci\u00f3n ideal para los verdaderos aficionados al f\u00fatbol. Con un dise\u00f1o moderno y elegante, este jersey captura la esencia del esp\u00edritu deportivo y la pasi\u00f3n por el f\u00fatbol mexicano. Su color negro cautivador lo convierte en una pieza vers\u00e1til que puedes usar en cualquier momento, ya sea en&hellip;","jetpack_sharing_enabled":true,"_links":{"self":[{"href":"https:\/\/crazy4jerseys.com.mx\/en\/wp-json\/wp\/v2\/product\/607","targetHints":{"allow":["GET"]}}],"collection":[{"href":"https:\/\/crazy4jerseys.com.mx\/en\/wp-json\/wp\/v2\/product"}],"about":[{"href":"https:\/\/crazy4jerseys.com.mx\/en\/wp-json\/wp\/v2\/types\/product"}],"replies":[{"embeddable":true,"href":"https:\/\/crazy4jerseys.com.mx\/en\/wp-json\/wp\/v2\/comments?post=607"}],"wp:featuredmedia":[{"embeddable":true,"href":"https:\/\/crazy4jerseys.com.mx\/en\/wp-json\/wp\/v2\/media\/610"}],"wp:attachment":[{"href":"https:\/\/crazy4jerseys.com.mx\/en\/wp-json\/wp\/v2\/media?parent=607"}],"wp:term":[{"taxonomy":"product_brand","embeddable":true,"href":"https:\/\/crazy4jerseys.com.mx\/en\/wp-json\/wp\/v2\/product_brand?post=607"},{"taxonomy":"product_cat","embeddable":true,"href":"https:\/\/crazy4jerseys.com.mx\/en\/wp-json\/wp\/v2\/product_cat?post=607"},{"taxonomy":"product_tag","embeddable":true,"href":"https:\/\/crazy4jerseys.com.mx\/en\/wp-json\/wp\/v2\/product_tag?post=607"}],"curies":[{"name":"wp","href":"https:\/\/api.w.org\/{rel}","templated":true}]}}