{"id":3,"date":"2025-06-25T16:19:54","date_gmt":"2025-06-25T16:19:54","guid":{"rendered":"http:\/\/crazy4jerseys.com.mx\/?page_id=3"},"modified":"2025-07-09T04:55:16","modified_gmt":"2025-07-09T04:55:16","slug":"privacy-policy-2","status":"publish","type":"page","link":"https:\/\/crazy4jerseys.com.mx\/en\/privacy-policy-2\/","title":{"rendered":"Pol\u00edtica de Privacidad de Crazy4jerseys"},"content":{"rendered":"<h3 class=\"wp-block-heading\"><strong>Seguridad y Privacidad de Datos<\/strong><\/h3>\n\n\n\n<p>En Crazy4jerseys, tratamos la seguridad de sus datos personales con el m\u00e1ximo cuidado y profesionalismo. Nos comprometemos a no vender ni divulgar su informaci\u00f3n personal a terceros. Solo empleados autorizados tienen acceso a esta informaci\u00f3n, y est\u00e1n sujetos a sanciones legales en caso de mal uso.<\/p>\n\n\n\n<h3 class=\"wp-block-heading\"><strong>Protecci\u00f3n de Datos Personales<\/strong><\/h3>\n\n\n\n<p>Mantenemos la privacidad de los datos personales de nuestros usuarios, comprometi\u00e9ndonos a utilizar tecnolog\u00eda de punta para proteger estos datos, asegurando un entorno seguro mediante herramientas avanzadas.<\/p>\n\n\n\n<h3 class=\"wp-block-heading\"><strong>Transacciones Seguras<\/strong><\/h3>\n\n\n\n<p>Nuestro sitio web garantiza la seguridad al realizar pagos, utilizando pasarelas de pago internacionalmente reconocidas como Stripe o Mercado Pago. Toda la informaci\u00f3n bancaria o de tarjeta de cr\u00e9dito est\u00e1 protegida por tecnolog\u00eda de encriptaci\u00f3n avanzada, asegurando que sus datos bancarios se mantengan en estricta confidencialidad.<\/p>\n\n\n\n<h3 class=\"wp-block-heading\">Cookies<\/h3>\n\n\n\n<p>Si deja un comentario en nuestro sitio, puede optar por guardar su nombre, direcci\u00f3n de correo electr\u00f3nico y sitio web en cookies. Estos son para su conveniencia para que no tenga que completar sus datos nuevamente cuando deja otro comentario. Estas cookies durar\u00e1n un a\u00f1o.<\/p>\n\n\n\n<p>Si visita nuestra p\u00e1gina de inicio de sesi\u00f3n, estableceremos una cookie temporal para determinar si su navegador acepta cookies. Esta cookie no contiene datos personales y se descarta cuando cierra su navegador.<\/p>\n\n\n\n<p>Cuando inicie sesi\u00f3n, tambi\u00e9n configuraremos varias cookies para guardar su informaci\u00f3n de inicio de sesi\u00f3n y las opciones de visualizaci\u00f3n de la pantalla. Las cookies de inicio de sesi\u00f3n duran dos d\u00edas y las cookies de opciones de pantalla duran para un a\u00f1o. Si selecciona \u00abRecu\u00e9rdame\u00bb, su inicio de sesi\u00f3n persistir\u00e1 durante dos semanas. Si cierre la sesi\u00f3n de su cuenta, se eliminar\u00e1n las cookies de inicio de sesi\u00f3n.<\/p>\n\n\n\n<p>Si edita o publica un art\u00edculo, se guardar\u00e1 una cookie adicional en su navegador. Esta cookie no incluye datos personales y simplemente indica la identificaci\u00f3n posterior del art\u00edculo que acaba de editar. Expira despu\u00e9s de 1 d\u00eda.<\/p>\n\n\n\n<p>Si solicita un restablecimiento de contrase\u00f1a, su direcci\u00f3n IP se incluir\u00e1 en el correo electr\u00f3nico de reinicio.<\/p>\n\n\n\n<h3 class=\"wp-block-heading\">Cu\u00e1nto tiempo conservamos sus datos<\/h3>\n\n\n\n<p>Si deja un comentario, el comentario y sus metadatos se conservan indefinidamente. De este modo, podemos reconocer y aprobar autom\u00e1ticamente cualquier comentario posterior en lugar de retenerlo en una cola de moderaci\u00f3n.<\/p>\n\n\n\n<p>Para los usuarios que se registran en nuestro sitio web (si los hay), tambi\u00e9n almacenamos la informaci\u00f3n personal que proporcionan en su perfil de usuario. Todos los usuarios pueden ver, editar o borrar su informaci\u00f3n personal en cualquier momento (excepto que no pueden cambiar su nombre de usuario). Los administradores del sitio web tambi\u00e9n pueden ver y editar esa informaci\u00f3n.<\/p>\n\n\n\n<h3 class=\"wp-block-heading\">Qu\u00e9 derechos tiene sobre sus datos<\/h3>\n\n\n\n<p>Si tiene una cuenta en este sitio o ha dejado comentarios, puede solicitar que le enviemos un archivo exportado de los datos personales que tenemos sobre usted, incluidos los que nos haya facilitado. Tambi\u00e9n puede solicitar que borremos cualquier dato personal que tengamos sobre usted. Esto no incluye los datos que estemos obligados a conservar por motivos administrativos, legales o de seguridad.<\/p>\n\n\n\n<p><strong>\u00daltima actualizaci\u00f3n: Julio 8, 2025<\/strong><\/p>\n\n\n\n<p><\/p>","protected":false},"excerpt":{"rendered":"<p>Seguridad y Privacidad de Datos En Crazy4jerseys, tratamos la seguridad de sus datos personales con el m\u00e1ximo cuidado y profesionalismo. Nos comprometemos a no vender ni divulgar su informaci\u00f3n personal a terceros. Solo empleados autorizados tienen acceso a esta informaci\u00f3n, y est\u00e1n sujetos a sanciones legales en caso de mal uso. Protecci\u00f3n de Datos Personales [&hellip;]<\/p>","protected":false},"author":1,"featured_media":0,"parent":0,"menu_order":0,"comment_status":"closed","ping_status":"open","template":"","meta":{"_uag_custom_page_level_css":"","footnotes":""},"class_list":["post-3","page","type-page","status-publish","hentry"],"blocksy_meta":[],"_hostinger_reach_plugin_has_subscription_block":false,"_hostinger_reach_plugin_is_elementor":false,"uagb_featured_image_src":{"full":false,"thumbnail":false,"medium":false,"medium_large":false,"large":false,"gs-tiny":false,"xl":false,"xxl":false,"xxxl":false,"xxxxl":false,"xxxxxl":false,"1536x1536":false,"2048x2048":false,"trp-custom-language-flag":false,"woocommerce_archive_thumbnail":false,"woocommerce_thumbnail":false,"woocommerce_single":false,"woocommerce_gallery_thumbnail":false,"dgwt-wcas-product-suggestion":false},"uagb_author_info":{"display_name":"Crazy4Jerseys","author_link":"https:\/\/crazy4jerseys.com.mx\/en\/author\/crazy4thejerseysgmail-com\/"},"uagb_comment_info":0,"uagb_excerpt":"Seguridad y Privacidad de Datos En Crazy4jerseys, tratamos la seguridad de sus datos personales con el m\u00e1ximo cuidado y profesionalismo. Nos comprometemos a no vender ni divulgar su informaci\u00f3n personal a terceros. Solo empleados autorizados tienen acceso a esta informaci\u00f3n, y est\u00e1n sujetos a sanciones legales en caso de mal uso. Protecci\u00f3n de Datos Personales&hellip;","jetpack_sharing_enabled":true,"_links":{"self":[{"href":"https:\/\/crazy4jerseys.com.mx\/en\/wp-json\/wp\/v2\/pages\/3","targetHints":{"allow":["GET"]}}],"collection":[{"href":"https:\/\/crazy4jerseys.com.mx\/en\/wp-json\/wp\/v2\/pages"}],"about":[{"href":"https:\/\/crazy4jerseys.com.mx\/en\/wp-json\/wp\/v2\/types\/page"}],"author":[{"embeddable":true,"href":"https:\/\/crazy4jerseys.com.mx\/en\/wp-json\/wp\/v2\/users\/1"}],"replies":[{"embeddable":true,"href":"https:\/\/crazy4jerseys.com.mx\/en\/wp-json\/wp\/v2\/comments?post=3"}],"version-history":[{"count":6,"href":"https:\/\/crazy4jerseys.com.mx\/en\/wp-json\/wp\/v2\/pages\/3\/revisions"}],"predecessor-version":[{"id":1366,"href":"https:\/\/crazy4jerseys.com.mx\/en\/wp-json\/wp\/v2\/pages\/3\/revisions\/1366"}],"wp:attachment":[{"href":"https:\/\/crazy4jerseys.com.mx\/en\/wp-json\/wp\/v2\/media?parent=3"}],"curies":[{"name":"wp","href":"https:\/\/api.w.org\/{rel}","templated":true}]}}