{"id":1367,"date":"2025-07-09T05:09:56","date_gmt":"2025-07-09T05:09:56","guid":{"rendered":"https:\/\/crazy4jerseys.com.mx\/?page_id=1367"},"modified":"2025-07-16T00:14:37","modified_gmt":"2025-07-16T00:14:37","slug":"cookie-policy","status":"publish","type":"page","link":"https:\/\/crazy4jerseys.com.mx\/en\/cookie-policy\/","title":{"rendered":"Pol\u00edtica de cookies"},"content":{"rendered":"<div class=\"wp-block-stackable-text stk-block-text stk-block stk-f6b1a7f\" data-block-id=\"f6b1a7f\"><p class=\"stk-block-text__text\">Fecha de entrada en vigor: 09-Jul-2025<br>\u00daltima actualizaci\u00f3n: 09-Jul-2025<\/p><\/div>\n\n\n\n<div class=\"wp-block-stackable-text stk-block-text stk-block stk-b2270af\" data-block-id=\"b2270af\"><p class=\"stk-block-text__text\"><\/p><\/div>\n\n\n\n<h5 class=\"wp-block-heading\">\u00bfQu\u00e9 son las cookies?<\/h5>\n\n\n\n<div class=\"wp-block-stackable-text stk-block-text stk-block stk-06a1823\" data-block-id=\"06a1823\"><p class=\"stk-block-text__text\">Esta Pol\u00edtica de Cookies explica qu\u00e9 son las cookies y c\u00f3mo las utilizamos, los tipos de cookies que utilizamos, es decir, la informaci\u00f3n que recopilamos mediante las cookies y c\u00f3mo se utiliza dicha informaci\u00f3n, y c\u00f3mo gestionar la configuraci\u00f3n de las cookies.<\/p><\/div>\n\n\n\n<div class=\"wp-block-stackable-text stk-block-text stk-block stk-a39480a\" data-block-id=\"a39480a\"><p class=\"stk-block-text__text\">Las cookies son peque\u00f1os archivos de texto que se utilizan para almacenar peque\u00f1as piezas de informaci\u00f3n. Se almacenan en su dispositivo cuando el sitio web se carga en su navegador. Estas cookies nos ayudan a hacer que el sitio web funcione correctamente, a hacerlo m\u00e1s seguro, a proporcionar una mejor experiencia al usuario y a entender c\u00f3mo funciona el sitio web y analizar qu\u00e9 funciona y en qu\u00e9 aspectos necesita mejoras.<\/p><\/div>\n\n\n\n<h5 class=\"wp-block-heading\">\u00bfC\u00f3mo utilizamos las cookies?<\/h5>\n\n\n\n<div class=\"wp-block-stackable-text stk-block-text stk-block stk-a7905f9\" data-block-id=\"a7905f9\"><p class=\"stk-block-text__text\">Como la mayor\u00eda de los servicios en l\u00ednea, nuestro sitio web utiliza cookies propias y de terceros para diversos fines. Las cookies de origen son en su mayor\u00eda necesarias para que el sitio web funcione correctamente, y no recogen ning\u00fan dato personal que pueda identificarle.<\/p><\/div>\n\n\n\n<div class=\"wp-block-stackable-text stk-block-text stk-block stk-6de1621\" data-block-id=\"6de1621\"><p class=\"stk-block-text__text\"><\/p><\/div>\n\n\n\n<div class=\"wp-block-stackable-text stk-block-text stk-block stk-57af1e9\" data-block-id=\"57af1e9\"><p class=\"stk-block-text__text\">Las cookies de terceros utilizadas en nuestro sitio web son principalmente para entender c\u00f3mo funciona el sitio web, c\u00f3mo interact\u00faa usted con nuestro sitio web, mantener nuestros servicios seguros, proporcionar anuncios que sean relevantes para usted, y en definitiva proporcionarle una mejor y mejorada experiencia de usuario y ayudar a acelerar sus futuras interacciones con nuestro sitio web.<\/p><\/div>\n\n\n\n<h5 class=\"wp-block-heading\">Gesti\u00f3n de las preferencias de cookies<\/h5>\n\n\n\n<div class=\"wp-block-stackable-text stk-block-text stk-block stk-be47b23\" data-block-id=\"be47b23\"><p class=\"stk-block-text__text\">Configuraci\u00f3n de cookies<\/p><\/div>\n\n\n\n<div class=\"wp-block-stackable-text stk-block-text stk-block stk-f3c0fb1\" data-block-id=\"f3c0fb1\"><p class=\"stk-block-text__text\">Puede cambiar sus preferencias de cookies en cualquier momento. Esto le permitir\u00e1 volver a visitar el banner de consentimiento de cookies y cambiar sus preferencias o retirar su consentimiento de inmediato.<\/p><\/div>\n\n\n\n<div class=\"wp-block-stackable-text stk-block-text stk-block stk-dd84f8b\" data-block-id=\"dd84f8b\"><p class=\"stk-block-text__text\">Adem\u00e1s, los distintos navegadores ofrecen diferentes m\u00e9todos para bloquear y eliminar las cookies utilizadas por los sitios web. Puede cambiar la configuraci\u00f3n de su navegador para bloquear o eliminar las cookies. A continuaci\u00f3n se indican los enlaces a los documentos de ayuda sobre c\u00f3mo gestionar y eliminar las cookies de los principales navegadores web.<\/p><\/div>\n\n\n\n<div class=\"wp-block-stackable-text stk-block-text stk-block stk-e6e3b8e\" data-block-id=\"e6e3b8e\"><p class=\"stk-block-text__text\">Chrome:\u00a0https:\/\/support.google.com\/accounts\/answer\/32050<\/p><\/div>\n\n\n\n<div class=\"wp-block-stackable-text stk-block-text stk-block stk-4cff2df\" data-block-id=\"4cff2df\"><p class=\"stk-block-text__text\">Safari:\u00a0https:\/\/support.apple.com\/en-in\/guide\/safari\/sfri11471\/mac<\/p><\/div>\n\n\n\n<div class=\"wp-block-stackable-text stk-block-text stk-block stk-04ea1b1\" data-block-id=\"04ea1b1\"><p class=\"stk-block-text__text\">Firefox:\u00a0https:\/\/support.mozilla.org\/en-US\/kb\/clear-cookies-and-site-data-firefox?redirectslug=delete-cookies-remove-info-websites-stored&#038;redirectlocale=en-US<\/p><\/div>\n\n\n\n<div class=\"wp-block-stackable-text stk-block-text stk-block stk-b4c3492\" data-block-id=\"b4c3492\"><p class=\"stk-block-text__text\">Internet Explorer:\u00a0https:\/\/support.microsoft.com\/en-us\/topic\/how-to-delete-cookie-files-in-internet-explorer-bca9446f-d873-78de-77ba-d42645fa52fc<\/p><\/div>\n\n\n\n<div class=\"wp-block-stackable-text stk-block-text stk-block stk-ddd2fe5\" data-block-id=\"ddd2fe5\"><p class=\"stk-block-text__text\">Si utiliza cualquier otro navegador, consulte la documentaci\u00f3n oficial de su navegador.<\/p><\/div>\n\n\n\n<div class=\"wp-block-stackable-text stk-block-text stk-block stk-cf125df\" data-block-id=\"cf125df\"><p class=\"stk-block-text__text\"><\/p><\/div>","protected":false},"excerpt":{"rendered":"<p>Fecha de entrada en vigor: 09-Jul-2025\u00daltima actualizaci\u00f3n: 09-Jul-2025 \u00bfQu\u00e9 son las cookies? Esta Pol\u00edtica de Cookies explica qu\u00e9 son las cookies y c\u00f3mo las utilizamos, los tipos de cookies que utilizamos, es decir, la informaci\u00f3n que recopilamos mediante las cookies y c\u00f3mo se utiliza dicha informaci\u00f3n, y c\u00f3mo gestionar la configuraci\u00f3n de las cookies. Las [&hellip;]<\/p>","protected":false},"author":1,"featured_media":0,"parent":0,"menu_order":0,"comment_status":"closed","ping_status":"closed","template":"","meta":{"_uag_custom_page_level_css":"","footnotes":""},"class_list":["post-1367","page","type-page","status-publish","hentry"],"blocksy_meta":[],"_hostinger_reach_plugin_has_subscription_block":false,"_hostinger_reach_plugin_is_elementor":false,"uagb_featured_image_src":{"full":false,"thumbnail":false,"medium":false,"medium_large":false,"large":false,"gs-tiny":false,"xl":false,"xxl":false,"xxxl":false,"xxxxl":false,"xxxxxl":false,"1536x1536":false,"2048x2048":false,"trp-custom-language-flag":false,"woocommerce_archive_thumbnail":false,"woocommerce_thumbnail":false,"woocommerce_single":false,"woocommerce_gallery_thumbnail":false,"dgwt-wcas-product-suggestion":false},"uagb_author_info":{"display_name":"Crazy4Jerseys","author_link":"https:\/\/crazy4jerseys.com.mx\/en\/author\/crazy4thejerseysgmail-com\/"},"uagb_comment_info":0,"uagb_excerpt":"Fecha de entrada en vigor: 09-Jul-2025\u00daltima actualizaci\u00f3n: 09-Jul-2025 \u00bfQu\u00e9 son las cookies? Esta Pol\u00edtica de Cookies explica qu\u00e9 son las cookies y c\u00f3mo las utilizamos, los tipos de cookies que utilizamos, es decir, la informaci\u00f3n que recopilamos mediante las cookies y c\u00f3mo se utiliza dicha informaci\u00f3n, y c\u00f3mo gestionar la configuraci\u00f3n de las cookies. Las&hellip;","jetpack_sharing_enabled":true,"_links":{"self":[{"href":"https:\/\/crazy4jerseys.com.mx\/en\/wp-json\/wp\/v2\/pages\/1367","targetHints":{"allow":["GET"]}}],"collection":[{"href":"https:\/\/crazy4jerseys.com.mx\/en\/wp-json\/wp\/v2\/pages"}],"about":[{"href":"https:\/\/crazy4jerseys.com.mx\/en\/wp-json\/wp\/v2\/types\/page"}],"author":[{"embeddable":true,"href":"https:\/\/crazy4jerseys.com.mx\/en\/wp-json\/wp\/v2\/users\/1"}],"replies":[{"embeddable":true,"href":"https:\/\/crazy4jerseys.com.mx\/en\/wp-json\/wp\/v2\/comments?post=1367"}],"version-history":[{"count":3,"href":"https:\/\/crazy4jerseys.com.mx\/en\/wp-json\/wp\/v2\/pages\/1367\/revisions"}],"predecessor-version":[{"id":1371,"href":"https:\/\/crazy4jerseys.com.mx\/en\/wp-json\/wp\/v2\/pages\/1367\/revisions\/1371"}],"wp:attachment":[{"href":"https:\/\/crazy4jerseys.com.mx\/en\/wp-json\/wp\/v2\/media?parent=1367"}],"curies":[{"name":"wp","href":"https:\/\/api.w.org\/{rel}","templated":true}]}}